{"id":1390,"date":"2023-09-22T10:27:32","date_gmt":"2023-09-22T08:27:32","guid":{"rendered":"https:\/\/typentelain.com\/?page_id=1390"},"modified":"2023-09-22T13:40:46","modified_gmt":"2023-09-22T11:40:46","slug":"papier-roule","status":"publish","type":"page","link":"https:\/\/typentelain.com\/index.php\/papier-roule\/","title":{"rendered":"Papier roul\u00e9"},"content":{"rendered":"\t\t<div data-elementor-type=\"wp-page\" data-elementor-id=\"1390\" class=\"elementor elementor-1390\">\n\t\t\t\t\t\t\t\t\t<section class=\"elementor-section elementor-top-section elementor-element elementor-element-2d74d9d elementor-section-boxed elementor-section-height-default elementor-section-height-default\" data-id=\"2d74d9d\" data-element_type=\"section\">\n\t\t\t\t\t\t<div class=\"elementor-container elementor-column-gap-default\">\n\t\t\t\t\t<div class=\"elementor-column elementor-col-100 elementor-top-column elementor-element elementor-element-5bf754a\" data-id=\"5bf754a\" data-element_type=\"column\">\n\t\t\t<div class=\"elementor-widget-wrap elementor-element-populated\">\n\t\t\t\t\t\t\t\t<div class=\"elementor-element elementor-element-6beb05b elementor-widget elementor-widget-heading\" data-id=\"6beb05b\" data-element_type=\"widget\" data-widget_type=\"heading.default\">\n\t\t\t\t<div class=\"elementor-widget-container\">\n\t\t\t<style>\/*! elementor - v3.12.2 - 23-04-2023 *\/\n.elementor-heading-title{padding:0;margin:0;line-height:1}.elementor-widget-heading .elementor-heading-title[class*=elementor-size-]>a{color:inherit;font-size:inherit;line-height:inherit}.elementor-widget-heading .elementor-heading-title.elementor-size-small{font-size:15px}.elementor-widget-heading .elementor-heading-title.elementor-size-medium{font-size:19px}.elementor-widget-heading .elementor-heading-title.elementor-size-large{font-size:29px}.elementor-widget-heading .elementor-heading-title.elementor-size-xl{font-size:39px}.elementor-widget-heading .elementor-heading-title.elementor-size-xxl{font-size:59px}<\/style><h2 class=\"elementor-heading-title elementor-size-large\">Papier Roul\u00e9<\/h2>\t\t<\/div>\n\t\t\t\t<\/div>\n\t\t\t\t\t<\/div>\n\t\t<\/div>\n\t\t\t\t\t\t\t<\/div>\n\t\t<\/section>\n\t\t\t\t<section class=\"elementor-section elementor-top-section elementor-element elementor-element-2a1d8a1 elementor-section-boxed elementor-section-height-default elementor-section-height-default\" data-id=\"2a1d8a1\" data-element_type=\"section\">\n\t\t\t\t\t\t<div class=\"elementor-container elementor-column-gap-default\">\n\t\t\t\t\t<div class=\"elementor-column elementor-col-100 elementor-top-column elementor-element elementor-element-e4f2570\" data-id=\"e4f2570\" data-element_type=\"column\">\n\t\t\t<div class=\"elementor-widget-wrap elementor-element-populated\">\n\t\t\t\t\t\t\t\t<div class=\"elementor-element elementor-element-e9d975e gallery-spacing-custom elementor-widget elementor-widget-image-gallery\" data-id=\"e9d975e\" data-element_type=\"widget\" data-widget_type=\"image-gallery.default\">\n\t\t\t\t<div class=\"elementor-widget-container\">\n\t\t\t<style>\/*! elementor - v3.12.2 - 23-04-2023 *\/\n.elementor-image-gallery .gallery-item{display:inline-block;text-align:center;vertical-align:top;width:100%;max-width:100%;margin:0 auto}.elementor-image-gallery .gallery-item img{margin:0 auto}.elementor-image-gallery .gallery-item .gallery-caption{margin:0}.elementor-image-gallery figure img{display:block}.elementor-image-gallery figure figcaption{width:100%}.gallery-spacing-custom .elementor-image-gallery .gallery-icon{padding:0}@media (min-width:768px){.elementor-image-gallery .gallery-columns-2 .gallery-item{max-width:50%}.elementor-image-gallery .gallery-columns-3 .gallery-item{max-width:33.33%}.elementor-image-gallery .gallery-columns-4 .gallery-item{max-width:25%}.elementor-image-gallery .gallery-columns-5 .gallery-item{max-width:20%}.elementor-image-gallery .gallery-columns-6 .gallery-item{max-width:16.666%}.elementor-image-gallery .gallery-columns-7 .gallery-item{max-width:14.28%}.elementor-image-gallery .gallery-columns-8 .gallery-item{max-width:12.5%}.elementor-image-gallery .gallery-columns-9 .gallery-item{max-width:11.11%}.elementor-image-gallery .gallery-columns-10 .gallery-item{max-width:10%}}@media (min-width:480px) and (max-width:767px){.elementor-image-gallery .gallery.gallery-columns-2 .gallery-item,.elementor-image-gallery .gallery.gallery-columns-3 .gallery-item,.elementor-image-gallery .gallery.gallery-columns-4 .gallery-item,.elementor-image-gallery .gallery.gallery-columns-5 .gallery-item,.elementor-image-gallery .gallery.gallery-columns-6 .gallery-item,.elementor-image-gallery .gallery.gallery-columns-7 .gallery-item,.elementor-image-gallery .gallery.gallery-columns-8 .gallery-item,.elementor-image-gallery .gallery.gallery-columns-9 .gallery-item,.elementor-image-gallery .gallery.gallery-columns-10 .gallery-item{max-width:50%}}@media (max-width:479px){.elementor-image-gallery .gallery.gallery-columns-2 .gallery-item,.elementor-image-gallery .gallery.gallery-columns-3 .gallery-item,.elementor-image-gallery .gallery.gallery-columns-4 .gallery-item,.elementor-image-gallery .gallery.gallery-columns-5 .gallery-item,.elementor-image-gallery .gallery.gallery-columns-6 .gallery-item,.elementor-image-gallery .gallery.gallery-columns-7 .gallery-item,.elementor-image-gallery .gallery.gallery-columns-8 .gallery-item,.elementor-image-gallery .gallery.gallery-columns-9 .gallery-item,.elementor-image-gallery .gallery.gallery-columns-10 .gallery-item{max-width:100%}}<\/style>\t\t<div class=\"elementor-image-gallery\">\n\t\t\t<div id='gallery-1' class='gallery galleryid-1390 gallery-columns-4 gallery-size-thumbnail'><figure class='gallery-item'>\n\t\t\t<div class='gallery-icon portrait'>\n\t\t\t\t<a data-elementor-open-lightbox=\"yes\" data-elementor-lightbox-slideshow=\"e9d975e\" data-elementor-lightbox-description=\"Sculpture _ papier roul\u00e9 15 x 20 x 25 cm\" data-e-action-hash=\"#elementor-action%3Aaction%3Dlightbox%26settings%3DeyJpZCI6MTI5OCwidXJsIjoiaHR0cHM6XC9cL3R5cGVudGVsYWluLmNvbVwvd3AtY29udGVudFwvdXBsb2Fkc1wvMjAyM1wvMDlcL1NjdWxwdHVyZV9QYXBpZXItcm91bGVfUGVsZS1tZWxlXzE1eDIweDI1LTItc2NhbGVkLmpwZyIsInNsaWRlc2hvdyI6ImU5ZDk3NWUifQ%3D%3D\" href='https:\/\/typentelain.com\/wp-content\/uploads\/2023\/09\/Sculpture_Papier-roule_Pele-mele_15x20x25-2-scaled.jpg'><img loading=\"lazy\" decoding=\"async\" width=\"150\" height=\"150\" src=\"https:\/\/typentelain.com\/wp-content\/uploads\/2023\/09\/Sculpture_Papier-roule_Pele-mele_15x20x25-2-150x150.jpg\" class=\"attachment-thumbnail size-thumbnail\" alt=\"\" \/><\/a>\n\t\t\t<\/div><\/figure><figure class='gallery-item'>\n\t\t\t<div class='gallery-icon portrait'>\n\t\t\t\t<a data-elementor-open-lightbox=\"yes\" data-elementor-lightbox-slideshow=\"e9d975e\" data-elementor-lightbox-description=\"Sculpture _ papier m\u00e2ch\u00e9 et papier roul\u00e9 15 x 15 x 30 cm\" data-e-action-hash=\"#elementor-action%3Aaction%3Dlightbox%26settings%3DeyJpZCI6MTI5NiwidXJsIjoiaHR0cHM6XC9cL3R5cGVudGVsYWluLmNvbVwvd3AtY29udGVudFwvdXBsb2Fkc1wvMjAyM1wvMDlcL1NjdWxwdHVyZV9QYXBpZXItbWFjaGUtcGFwaWVyLXJvdWxlX01vbnRnb2xmaWVyZS01XzE1eDE1eDMwLTItc2NhbGVkLmpwZyIsInNsaWRlc2hvdyI6ImU5ZDk3NWUifQ%3D%3D\" href='https:\/\/typentelain.com\/wp-content\/uploads\/2023\/09\/Sculpture_Papier-mache-papier-roule_Montgolfiere-5_15x15x30-2-scaled.jpg'><img loading=\"lazy\" decoding=\"async\" width=\"150\" height=\"150\" src=\"https:\/\/typentelain.com\/wp-content\/uploads\/2023\/09\/Sculpture_Papier-mache-papier-roule_Montgolfiere-5_15x15x30-2-150x150.jpg\" class=\"attachment-thumbnail size-thumbnail\" alt=\"\" \/><\/a>\n\t\t\t<\/div><\/figure><figure class='gallery-item'>\n\t\t\t<div class='gallery-icon portrait'>\n\t\t\t\t<a data-elementor-open-lightbox=\"yes\" data-elementor-lightbox-slideshow=\"e9d975e\" data-elementor-lightbox-description=\"Papier roul\u00e9 _ papier m\u00e2ch\u00e9 20 x 20 cm\" data-e-action-hash=\"#elementor-action%3Aaction%3Dlightbox%26settings%3DeyJpZCI6ODY1LCJ1cmwiOiJodHRwczpcL1wvdHlwZW50ZWxhaW4uY29tXC93cC1jb250ZW50XC91cGxvYWRzXC8yMDIzXC8wOVwvUGFwaWVyLW1hY2hlLUNvbGxhZ2VfUGFwaWVyLXJvdWxlX1BhdmFnZV8yMHgyMC5qcGciLCJzbGlkZXNob3ciOiJlOWQ5NzVlIn0%3D\" href='https:\/\/typentelain.com\/wp-content\/uploads\/2023\/09\/Papier-mache-Collage_Papier-roule_Pavage_20x20.jpg'><img loading=\"lazy\" decoding=\"async\" width=\"150\" height=\"150\" src=\"https:\/\/typentelain.com\/wp-content\/uploads\/2023\/09\/Papier-mache-Collage_Papier-roule_Pavage_20x20-150x150.jpg\" class=\"attachment-thumbnail size-thumbnail\" alt=\"\" srcset=\"https:\/\/typentelain.com\/wp-content\/uploads\/2023\/09\/Papier-mache-Collage_Papier-roule_Pavage_20x20-150x150.jpg 150w, https:\/\/typentelain.com\/wp-content\/uploads\/2023\/09\/Papier-mache-Collage_Papier-roule_Pavage_20x20-1014x1024.jpg 1014w, https:\/\/typentelain.com\/wp-content\/uploads\/2023\/09\/Papier-mache-Collage_Papier-roule_Pavage_20x20-230x232.jpg 230w\" sizes=\"auto, (max-width: 150px) 100vw, 150px\" \/><\/a>\n\t\t\t<\/div><\/figure><figure class='gallery-item'>\n\t\t\t<div class='gallery-icon portrait'>\n\t\t\t\t<a data-elementor-open-lightbox=\"yes\" data-elementor-lightbox-slideshow=\"e9d975e\" data-elementor-lightbox-description=\"Sculpture _ papier m\u00e2ch\u00e9 et papier roul\u00e9 15 x 15 x 30 cm\" data-e-action-hash=\"#elementor-action%3Aaction%3Dlightbox%26settings%3DeyJpZCI6MTI5NSwidXJsIjoiaHR0cHM6XC9cL3R5cGVudGVsYWluLmNvbVwvd3AtY29udGVudFwvdXBsb2Fkc1wvMjAyM1wvMDlcL1NjdWxwdHVyZV9QYXBpZXItbWFjaGUtcGFwaWVyLXJvdWxlX01vbnRnb2xmaWVyZS00XzE1eDE1eDMwLTItc2NhbGVkLmpwZyIsInNsaWRlc2hvdyI6ImU5ZDk3NWUifQ%3D%3D\" href='https:\/\/typentelain.com\/wp-content\/uploads\/2023\/09\/Sculpture_Papier-mache-papier-roule_Montgolfiere-4_15x15x30-2-scaled.jpg'><img loading=\"lazy\" decoding=\"async\" width=\"150\" height=\"150\" src=\"https:\/\/typentelain.com\/wp-content\/uploads\/2023\/09\/Sculpture_Papier-mache-papier-roule_Montgolfiere-4_15x15x30-2-150x150.jpg\" class=\"attachment-thumbnail size-thumbnail\" alt=\"\" \/><\/a>\n\t\t\t<\/div><\/figure><figure class='gallery-item'>\n\t\t\t<div class='gallery-icon portrait'>\n\t\t\t\t<a data-elementor-open-lightbox=\"yes\" data-elementor-lightbox-slideshow=\"e9d975e\" data-elementor-lightbox-description=\"Sculpture _ papier m\u00e2ch\u00e9 et papier roul\u00e9 15 x 15 x 30 cm\" data-e-action-hash=\"#elementor-action%3Aaction%3Dlightbox%26settings%3DeyJpZCI6MTI5NCwidXJsIjoiaHR0cHM6XC9cL3R5cGVudGVsYWluLmNvbVwvd3AtY29udGVudFwvdXBsb2Fkc1wvMjAyM1wvMDlcL1NjdWxwdHVyZV9QYXBpZXItbWFjaGUtcGFwaWVyLXJvdWxlX01vbnRnb2xmaWVyZS0zXzE1eDE1eDMwLTItc2NhbGVkLmpwZyIsInNsaWRlc2hvdyI6ImU5ZDk3NWUifQ%3D%3D\" href='https:\/\/typentelain.com\/wp-content\/uploads\/2023\/09\/Sculpture_Papier-mache-papier-roule_Montgolfiere-3_15x15x30-2-scaled.jpg'><img loading=\"lazy\" decoding=\"async\" width=\"150\" height=\"150\" src=\"https:\/\/typentelain.com\/wp-content\/uploads\/2023\/09\/Sculpture_Papier-mache-papier-roule_Montgolfiere-3_15x15x30-2-150x150.jpg\" class=\"attachment-thumbnail size-thumbnail\" alt=\"\" \/><\/a>\n\t\t\t<\/div><\/figure><figure class='gallery-item'>\n\t\t\t<div class='gallery-icon portrait'>\n\t\t\t\t<a data-elementor-open-lightbox=\"yes\" data-elementor-lightbox-slideshow=\"e9d975e\" data-elementor-lightbox-description=\"Papier Roul\u00e9 _ toile 7 x 7 cm\" data-e-action-hash=\"#elementor-action%3Aaction%3Dlightbox%26settings%3DeyJpZCI6MTEwNSwidXJsIjoiaHR0cHM6XC9cL3R5cGVudGVsYWluLmNvbVwvd3AtY29udGVudFwvdXBsb2Fkc1wvMjAyM1wvMDlcL1RvaWxlX0NvbGxhZ2VfUGFwaWVyLXJvdWxlX1BhdmFnZV83eDctMS1yb3RhdGVkLmpwZyIsInNsaWRlc2hvdyI6ImU5ZDk3NWUifQ%3D%3D\" href='https:\/\/typentelain.com\/wp-content\/uploads\/2023\/09\/Toile_Collage_Papier-roule_Pavage_7x7-1-rotated.jpg'><img loading=\"lazy\" decoding=\"async\" width=\"150\" height=\"150\" src=\"https:\/\/typentelain.com\/wp-content\/uploads\/2023\/09\/Toile_Collage_Papier-roule_Pavage_7x7-1-150x150.jpg\" class=\"attachment-thumbnail size-thumbnail\" alt=\"\" \/><\/a>\n\t\t\t<\/div><\/figure><figure class='gallery-item'>\n\t\t\t<div class='gallery-icon portrait'>\n\t\t\t\t<a data-elementor-open-lightbox=\"yes\" data-elementor-lightbox-slideshow=\"e9d975e\" data-elementor-lightbox-description=\"Sculpture _ papier m\u00e2ch\u00e9 et papier roul\u00e9 15 x 15 x 30 cm\" data-e-action-hash=\"#elementor-action%3Aaction%3Dlightbox%26settings%3DeyJpZCI6MTI5MywidXJsIjoiaHR0cHM6XC9cL3R5cGVudGVsYWluLmNvbVwvd3AtY29udGVudFwvdXBsb2Fkc1wvMjAyM1wvMDlcL1NjdWxwdHVyZV9QYXBpZXItbWFjaGUtcGFwaWVyLXJvdWxlX01vbnRnb2xmaWVyZS0yXzE1eDE1eDMwLTItc2NhbGVkLmpwZyIsInNsaWRlc2hvdyI6ImU5ZDk3NWUifQ%3D%3D\" href='https:\/\/typentelain.com\/wp-content\/uploads\/2023\/09\/Sculpture_Papier-mache-papier-roule_Montgolfiere-2_15x15x30-2-scaled.jpg'><img loading=\"lazy\" decoding=\"async\" width=\"150\" height=\"150\" src=\"https:\/\/typentelain.com\/wp-content\/uploads\/2023\/09\/Sculpture_Papier-mache-papier-roule_Montgolfiere-2_15x15x30-2-150x150.jpg\" class=\"attachment-thumbnail size-thumbnail\" alt=\"\" \/><\/a>\n\t\t\t<\/div><\/figure><figure class='gallery-item'>\n\t\t\t<div class='gallery-icon portrait'>\n\t\t\t\t<a data-elementor-open-lightbox=\"yes\" data-elementor-lightbox-slideshow=\"e9d975e\" data-elementor-lightbox-description=\"Papier Roul\u00e9 _ carton 24,5 x 30 cm\" data-e-action-hash=\"#elementor-action%3Aaction%3Dlightbox%26settings%3DeyJpZCI6ODU4LCJ1cmwiOiJodHRwczpcL1wvdHlwZW50ZWxhaW4uY29tXC93cC1jb250ZW50XC91cGxvYWRzXC8yMDIzXC8wOVwvQ2FydG9uX0NvbGxhZ2VfUGFwaWVyLXJvdWxlX0NhcnJlc18yNDV4MzAuanBnIiwic2xpZGVzaG93IjoiZTlkOTc1ZSJ9\" href='https:\/\/typentelain.com\/wp-content\/uploads\/2023\/09\/Carton_Collage_Papier-roule_Carres_245x30.jpg'><img loading=\"lazy\" decoding=\"async\" width=\"150\" height=\"150\" src=\"https:\/\/typentelain.com\/wp-content\/uploads\/2023\/09\/Carton_Collage_Papier-roule_Carres_245x30-150x150.jpg\" class=\"attachment-thumbnail size-thumbnail\" alt=\"\" \/><\/a>\n\t\t\t<\/div><\/figure><figure class='gallery-item'>\n\t\t\t<div class='gallery-icon portrait'>\n\t\t\t\t<a data-elementor-open-lightbox=\"yes\" data-elementor-lightbox-slideshow=\"e9d975e\" data-elementor-lightbox-description=\"Sculpture _ papier m\u00e2ch\u00e9 et papier roul\u00e9 15 x 15 x 30 cm\" data-e-action-hash=\"#elementor-action%3Aaction%3Dlightbox%26settings%3DeyJpZCI6MTI5MiwidXJsIjoiaHR0cHM6XC9cL3R5cGVudGVsYWluLmNvbVwvd3AtY29udGVudFwvdXBsb2Fkc1wvMjAyM1wvMDlcL1NjdWxwdHVyZV9QYXBpZXItbWFjaGUtcGFwaWVyLXJvdWxlX01vbnRnb2xmaWVyZS0xXzE1eDE1eDMwLTItc2NhbGVkLmpwZyIsInNsaWRlc2hvdyI6ImU5ZDk3NWUifQ%3D%3D\" href='https:\/\/typentelain.com\/wp-content\/uploads\/2023\/09\/Sculpture_Papier-mache-papier-roule_Montgolfiere-1_15x15x30-2-scaled.jpg'><img loading=\"lazy\" decoding=\"async\" width=\"150\" height=\"150\" src=\"https:\/\/typentelain.com\/wp-content\/uploads\/2023\/09\/Sculpture_Papier-mache-papier-roule_Montgolfiere-1_15x15x30-2-150x150.jpg\" class=\"attachment-thumbnail size-thumbnail\" alt=\"\" \/><\/a>\n\t\t\t<\/div><\/figure><figure class='gallery-item'>\n\t\t\t<div class='gallery-icon portrait'>\n\t\t\t\t<a data-elementor-open-lightbox=\"yes\" data-elementor-lightbox-slideshow=\"e9d975e\" data-elementor-lightbox-description=\"Sculpture Papier Roul\u00e9\" data-e-action-hash=\"#elementor-action%3Aaction%3Dlightbox%26settings%3DeyJpZCI6NTY5LCJ1cmwiOiJodHRwczpcL1wvdHlwZW50ZWxhaW4uY29tXC93cC1jb250ZW50XC91cGxvYWRzXC8yMDIzXC8wNlwvSU1HXzIwMjMwNjAyXzEwMDc0MS1zY2FsZWQuanBnIiwic2xpZGVzaG93IjoiZTlkOTc1ZSJ9\" href='https:\/\/typentelain.com\/wp-content\/uploads\/2023\/06\/IMG_20230602_100741-scaled.jpg'><img loading=\"lazy\" decoding=\"async\" width=\"150\" height=\"150\" src=\"https:\/\/typentelain.com\/wp-content\/uploads\/2023\/06\/IMG_20230602_100741-150x150.jpg\" class=\"attachment-thumbnail size-thumbnail\" alt=\"\" \/><\/a>\n\t\t\t<\/div><\/figure>\n\t\t<\/div>\n\t\t<\/div>\n\t\t\t\t<\/div>\n\t\t\t\t<\/div>\n\t\t\t\t\t<\/div>\n\t\t<\/div>\n\t\t\t\t\t\t\t<\/div>\n\t\t<\/section>\n\t\t\t\t\t\t\t<\/div>\n\t\t","protected":false},"excerpt":{"rendered":"<p>Papier Roul\u00e9<\/p>\n","protected":false},"author":1,"featured_media":0,"parent":0,"menu_order":0,"comment_status":"closed","ping_status":"closed","template":"","meta":{"footnotes":""},"class_list":["post-1390","page","type-page","status-publish","hentry"],"yoast_head":"<!-- This site is optimized with the Yoast SEO plugin v20.6 - https:\/\/yoast.com\/wordpress\/plugins\/seo\/ -->\n<title>Papier roul\u00e9 - Ty Pentelain<\/title>\n<meta name=\"robots\" content=\"index, follow, max-snippet:-1, max-image-preview:large, max-video-preview:-1\" \/>\n<link rel=\"canonical\" href=\"https:\/\/typentelain.com\/index.php\/papier-roule\/\" \/>\n<meta property=\"og:locale\" content=\"fr_FR\" \/>\n<meta property=\"og:type\" content=\"article\" \/>\n<meta property=\"og:title\" content=\"Papier roul\u00e9 - Ty Pentelain\" \/>\n<meta property=\"og:description\" content=\"Papier Roul\u00e9\" \/>\n<meta property=\"og:url\" content=\"https:\/\/typentelain.com\/index.php\/papier-roule\/\" \/>\n<meta property=\"og:site_name\" content=\"Ty Pentelain\" \/>\n<meta property=\"article:modified_time\" content=\"2023-09-22T11:40:46+00:00\" \/>\n<meta property=\"og:image\" content=\"https:\/\/typentelain.com\/wp-content\/uploads\/2023\/09\/Sculpture_Papier-roule_Pele-mele_15x20x25-2-150x150.jpg\" \/>\n<meta name=\"twitter:card\" content=\"summary_large_image\" \/>\n<meta name=\"twitter:label1\" content=\"Dur\u00e9e de lecture estim\u00e9e\" \/>\n\t<meta name=\"twitter:data1\" content=\"3 minutes\" \/>\n<script type=\"application\/ld+json\" class=\"yoast-schema-graph\">{\"@context\":\"https:\/\/schema.org\",\"@graph\":[{\"@type\":\"WebPage\",\"@id\":\"https:\/\/typentelain.com\/index.php\/papier-roule\/\",\"url\":\"https:\/\/typentelain.com\/index.php\/papier-roule\/\",\"name\":\"Papier roul\u00e9 - Ty Pentelain\",\"isPartOf\":{\"@id\":\"https:\/\/typentelain.com\/#website\"},\"datePublished\":\"2023-09-22T08:27:32+00:00\",\"dateModified\":\"2023-09-22T11:40:46+00:00\",\"breadcrumb\":{\"@id\":\"https:\/\/typentelain.com\/index.php\/papier-roule\/#breadcrumb\"},\"inLanguage\":\"fr-FR\",\"potentialAction\":[{\"@type\":\"ReadAction\",\"target\":[\"https:\/\/typentelain.com\/index.php\/papier-roule\/\"]}]},{\"@type\":\"BreadcrumbList\",\"@id\":\"https:\/\/typentelain.com\/index.php\/papier-roule\/#breadcrumb\",\"itemListElement\":[{\"@type\":\"ListItem\",\"position\":1,\"name\":\"Accueil\",\"item\":\"https:\/\/typentelain.com\/\"},{\"@type\":\"ListItem\",\"position\":2,\"name\":\"Papier roul\u00e9\"}]},{\"@type\":\"WebSite\",\"@id\":\"https:\/\/typentelain.com\/#website\",\"url\":\"https:\/\/typentelain.com\/\",\"name\":\"Ty Pentelain\",\"description\":\"\",\"potentialAction\":[{\"@type\":\"SearchAction\",\"target\":{\"@type\":\"EntryPoint\",\"urlTemplate\":\"https:\/\/typentelain.com\/?s={search_term_string}\"},\"query-input\":\"required name=search_term_string\"}],\"inLanguage\":\"fr-FR\"}]}<\/script>\n<!-- \/ Yoast SEO plugin. -->","yoast_head_json":{"title":"Papier roul\u00e9 - Ty Pentelain","robots":{"index":"index","follow":"follow","max-snippet":"max-snippet:-1","max-image-preview":"max-image-preview:large","max-video-preview":"max-video-preview:-1"},"canonical":"https:\/\/typentelain.com\/index.php\/papier-roule\/","og_locale":"fr_FR","og_type":"article","og_title":"Papier roul\u00e9 - Ty Pentelain","og_description":"Papier Roul\u00e9","og_url":"https:\/\/typentelain.com\/index.php\/papier-roule\/","og_site_name":"Ty Pentelain","article_modified_time":"2023-09-22T11:40:46+00:00","og_image":[{"url":"https:\/\/typentelain.com\/wp-content\/uploads\/2023\/09\/Sculpture_Papier-roule_Pele-mele_15x20x25-2-150x150.jpg"}],"twitter_card":"summary_large_image","twitter_misc":{"Dur\u00e9e de lecture estim\u00e9e":"3 minutes"},"schema":{"@context":"https:\/\/schema.org","@graph":[{"@type":"WebPage","@id":"https:\/\/typentelain.com\/index.php\/papier-roule\/","url":"https:\/\/typentelain.com\/index.php\/papier-roule\/","name":"Papier roul\u00e9 - Ty Pentelain","isPartOf":{"@id":"https:\/\/typentelain.com\/#website"},"datePublished":"2023-09-22T08:27:32+00:00","dateModified":"2023-09-22T11:40:46+00:00","breadcrumb":{"@id":"https:\/\/typentelain.com\/index.php\/papier-roule\/#breadcrumb"},"inLanguage":"fr-FR","potentialAction":[{"@type":"ReadAction","target":["https:\/\/typentelain.com\/index.php\/papier-roule\/"]}]},{"@type":"BreadcrumbList","@id":"https:\/\/typentelain.com\/index.php\/papier-roule\/#breadcrumb","itemListElement":[{"@type":"ListItem","position":1,"name":"Accueil","item":"https:\/\/typentelain.com\/"},{"@type":"ListItem","position":2,"name":"Papier roul\u00e9"}]},{"@type":"WebSite","@id":"https:\/\/typentelain.com\/#website","url":"https:\/\/typentelain.com\/","name":"Ty Pentelain","description":"","potentialAction":[{"@type":"SearchAction","target":{"@type":"EntryPoint","urlTemplate":"https:\/\/typentelain.com\/?s={search_term_string}"},"query-input":"required name=search_term_string"}],"inLanguage":"fr-FR"}]}},"_links":{"self":[{"href":"https:\/\/typentelain.com\/index.php\/wp-json\/wp\/v2\/pages\/1390","targetHints":{"allow":["GET"]}}],"collection":[{"href":"https:\/\/typentelain.com\/index.php\/wp-json\/wp\/v2\/pages"}],"about":[{"href":"https:\/\/typentelain.com\/index.php\/wp-json\/wp\/v2\/types\/page"}],"author":[{"embeddable":true,"href":"https:\/\/typentelain.com\/index.php\/wp-json\/wp\/v2\/users\/1"}],"replies":[{"embeddable":true,"href":"https:\/\/typentelain.com\/index.php\/wp-json\/wp\/v2\/comments?post=1390"}],"version-history":[{"count":8,"href":"https:\/\/typentelain.com\/index.php\/wp-json\/wp\/v2\/pages\/1390\/revisions"}],"predecessor-version":[{"id":1559,"href":"https:\/\/typentelain.com\/index.php\/wp-json\/wp\/v2\/pages\/1390\/revisions\/1559"}],"wp:attachment":[{"href":"https:\/\/typentelain.com\/index.php\/wp-json\/wp\/v2\/media?parent=1390"}],"curies":[{"name":"wp","href":"https:\/\/api.w.org\/{rel}","templated":true}]}}